{"id":24,"date":"2025-08-28T15:01:02","date_gmt":"2025-08-28T19:01:02","guid":{"rendered":"https:\/\/espmat-cpan.ufms.br\/?page_id=24"},"modified":"2025-09-02T19:32:29","modified_gmt":"2025-09-02T23:32:29","slug":"docentes","status":"publish","type":"page","link":"https:\/\/espmat-cpan.ufms.br\/en\/pagina-inicial\/docentes\/","title":{"rendered":"Docentes"},"content":{"rendered":"<p><img fetchpriority=\"high\" decoding=\"async\" class=\"alignnone wp-image-94\" src=\"https:\/\/espmat-cpan.ufms.br\/files\/2025\/09\/IMG_2214-300x55.png\" alt=\"\" width=\"1364\" height=\"250\" srcset=\"https:\/\/espmat-cpan.ufms.br\/files\/2025\/09\/IMG_2214-300x55.png 300w, https:\/\/espmat-cpan.ufms.br\/files\/2025\/09\/IMG_2214-1024x188.png 1024w, https:\/\/espmat-cpan.ufms.br\/files\/2025\/09\/IMG_2214-768x141.png 768w, https:\/\/espmat-cpan.ufms.br\/files\/2025\/09\/IMG_2214-1536x283.png 1536w, https:\/\/espmat-cpan.ufms.br\/files\/2025\/09\/IMG_2214-2048x377.png 2048w, https:\/\/espmat-cpan.ufms.br\/files\/2025\/09\/IMG_2214-730x134.png 730w\" sizes=\"(max-width: 1364px) 100vw, 1364px\" \/><\/p>\n<p>Dr. Andr\u00e9 Assmann<br \/>\nLattes:\u00a0<a href=\"http:\/\/lattes.cnpq.br\/0123104561148659\">http:\/\/lattes.cnpq.br\/0123104561148659<\/a><\/p>\n<p>Dra. Caroline Paula Cellini<br \/>\nLattes: <a href=\"http:\/\/lattes.cnpq.br\/9040600333803142\">http:\/\/lattes.cnpq.br\/9040600333803142<\/a><\/p>\n<p>Dr. Frederick Lawton Azevedo<br \/>\nLattes: <a href=\"http:\/\/lattes.cnpq.br\/0601225421830859\">http:\/\/lattes.cnpq.br\/0601225421830859<\/a><\/p>\n<p>Dra. Karla Jocelya Nonato<br \/>\nLattes: <a href=\"http:\/\/lattes.cnpq.br\/2402929253263520\">http:\/\/lattes.cnpq.br\/2402929253263520<\/a><\/p>\n<p>Dr. Murilo Oliveira Machado<\/p>\n<p>Lattes:\u00a0<a href=\"http:\/\/lattes.cnpq.br\/2422859576252069\">http:\/\/lattes.cnpq.br\/2422859576252069<\/a><\/p>\n<p>Dr. Osmar do Nascimento Souza<br \/>\nLattes: <a href=\"http:\/\/lattes.cnpq.br\/9839649733570632\">http:\/\/lattes.cnpq.br\/9839649733570632<\/a><\/p>\n<p>Me. Renato C\u00e2mara Vict\u00f3rio Almeida J\u00fanior<br \/>\nLattes: <a href=\"http:\/\/lattes.cnpq.br\/1910542545711140\">http:\/\/lattes.cnpq.br\/1910542545711140<\/a><\/p>\n<p>&nbsp;<\/p>\n","protected":false},"excerpt":{"rendered":"<p>Dr. Andr\u00e9 Assmann Lattes:\u00a0http:\/\/lattes.cnpq.br\/0123104561148659 Dra. Caroline Paula Cellini Lattes: http:\/\/lattes.cnpq.br\/9040600333803142 Dr. Frederick Lawton Azevedo Lattes: http:\/\/lattes.cnpq.br\/0601225421830859 Dra. Karla Jocelya Nonato Lattes: http:\/\/lattes.cnpq.br\/2402929253263520 Dr. Murilo Oliveira Machado Lattes:\u00a0http:\/\/lattes.cnpq.br\/2422859576252069 Dr. Osmar do Nascimento Souza Lattes: http:\/\/lattes.cnpq.br\/9839649733570632 Me. Renato C\u00e2mara Vict\u00f3rio Almeida J\u00fanior Lattes: http:\/\/lattes.cnpq.br\/1910542545711140 &nbsp;<\/p>\n","protected":false},"author":44948,"featured_media":0,"parent":5,"menu_order":1,"comment_status":"closed","ping_status":"closed","template":"","meta":{"footnotes":""},"coauthors":[7],"class_list":["post-24","page","type-page","status-publish","hentry"],"_links":{"self":[{"href":"https:\/\/espmat-cpan.ufms.br\/en\/wp-json\/wp\/v2\/pages\/24","targetHints":{"allow":["GET"]}}],"collection":[{"href":"https:\/\/espmat-cpan.ufms.br\/en\/wp-json\/wp\/v2\/pages"}],"about":[{"href":"https:\/\/espmat-cpan.ufms.br\/en\/wp-json\/wp\/v2\/types\/page"}],"author":[{"embeddable":true,"href":"https:\/\/espmat-cpan.ufms.br\/en\/wp-json\/wp\/v2\/users\/44948"}],"replies":[{"embeddable":true,"href":"https:\/\/espmat-cpan.ufms.br\/en\/wp-json\/wp\/v2\/comments?post=24"}],"version-history":[{"count":15,"href":"https:\/\/espmat-cpan.ufms.br\/en\/wp-json\/wp\/v2\/pages\/24\/revisions"}],"predecessor-version":[{"id":131,"href":"https:\/\/espmat-cpan.ufms.br\/en\/wp-json\/wp\/v2\/pages\/24\/revisions\/131"}],"up":[{"embeddable":true,"href":"https:\/\/espmat-cpan.ufms.br\/en\/wp-json\/wp\/v2\/pages\/5"}],"wp:attachment":[{"href":"https:\/\/espmat-cpan.ufms.br\/en\/wp-json\/wp\/v2\/media?parent=24"}],"wp:term":[{"taxonomy":"author","embeddable":true,"href":"https:\/\/espmat-cpan.ufms.br\/en\/wp-json\/wp\/v2\/coauthors?post=24"}],"curies":[{"name":"wp","href":"https:\/\/api.w.org\/{rel}","templated":true}]}}