{"id":26,"date":"2025-08-28T15:10:46","date_gmt":"2025-08-28T19:10:46","guid":{"rendered":"https:\/\/espmat-cpan.ufms.br\/?page_id=26"},"modified":"2025-09-02T19:45:24","modified_gmt":"2025-09-02T23:45:24","slug":"componentes-curriculares","status":"publish","type":"page","link":"https:\/\/espmat-cpan.ufms.br\/en\/componentes-curriculares\/","title":{"rendered":"Estrutura  Curricular"},"content":{"rendered":"<p style=\"text-align: center\"><strong><img fetchpriority=\"high\" decoding=\"async\" class=\"alignnone wp-image-94\" src=\"https:\/\/espmat-cpan.ufms.br\/files\/2025\/09\/IMG_2214-300x55.png\" alt=\"\" width=\"1157\" height=\"212\" srcset=\"https:\/\/espmat-cpan.ufms.br\/files\/2025\/09\/IMG_2214-300x55.png 300w, https:\/\/espmat-cpan.ufms.br\/files\/2025\/09\/IMG_2214-1024x188.png 1024w, https:\/\/espmat-cpan.ufms.br\/files\/2025\/09\/IMG_2214-768x141.png 768w, https:\/\/espmat-cpan.ufms.br\/files\/2025\/09\/IMG_2214-1536x283.png 1536w, https:\/\/espmat-cpan.ufms.br\/files\/2025\/09\/IMG_2214-2048x377.png 2048w, https:\/\/espmat-cpan.ufms.br\/files\/2025\/09\/IMG_2214-730x134.png 730w\" sizes=\"(max-width: 1157px) 100vw, 1157px\" \/><\/strong><\/p>\n<p style=\"text-align: center\"><strong>Primeiro Semestre<\/strong><\/p>\n<p>&nbsp;<\/p>\n<table style=\"height: 958px;width: 98.6967%;border-collapse: collapse;border-style: double\">\n<tbody>\n<tr style=\"height: 24px\">\n<td style=\"width: 16.6667%;height: 24px;text-align: center\"><strong>Disciplina<\/strong><\/td>\n<td style=\"width: 16.6667%;height: 24px;text-align: center\"><strong>Carga Hor\u00e1ria<\/strong><\/td>\n<td style=\"width: 16.6667%;height: 24px;text-align: center\"><strong>Cr\u00e9ditos<\/strong><\/td>\n<td style=\"width: 16.6667%;height: 24px;text-align: center\"><strong>Obrigat\u00f3ria\/Optativa<\/strong><\/td>\n<td style=\"width: 16.6667%;height: 24px;text-align: center\"><strong>Presencial\/Dist\u00e2ncia<\/strong><\/td>\n<\/tr>\n<tr style=\"height: 24px\">\n<td style=\"width: 16.6667%;height: 24px\">&nbsp;<\/p>\n<p style=\"text-align: center\">Introdu\u00e7\u00e3o \u00e0 L\u00f3gica Matem\u00e1tica<\/p>\n<p>&nbsp;<\/td>\n<td style=\"width: 16.6667%;height: 24px;text-align: center\">30h<\/td>\n<td style=\"width: 16.6667%;height: 24px;text-align: center\">\u00a02<\/td>\n<td style=\"width: 16.6667%;height: 24px;text-align: center\">Obrigat\u00f3ria<\/td>\n<td style=\"width: 16.6667%;height: 24px;text-align: center\">Presencial\/EaD<\/td>\n<\/tr>\n<tr style=\"height: 24px\">\n<td style=\"width: 16.6667%;height: 24px;text-align: center\">&nbsp;<\/p>\n<p>N\u00fameros Reais na Educa\u00e7\u00e3o B\u00e1sica<\/p>\n<p>&nbsp;<\/td>\n<td style=\"width: 16.6667%;height: 24px;text-align: center\">30h<\/td>\n<td style=\"width: 16.6667%;height: 24px;text-align: center\">\u00a02<\/td>\n<td style=\"width: 16.6667%;height: 24px;text-align: center\">Obrigat\u00f3ria<\/td>\n<td style=\"width: 16.6667%;height: 24px;text-align: center\">Presencial\/EaD<\/td>\n<\/tr>\n<tr style=\"height: 24px\">\n<td style=\"width: 16.6667%;height: 24px;text-align: center\">&nbsp;<\/p>\n<p>Geometrias: conceitos e aplica\u00e7\u00f5es na<br \/>\nEduca\u00e7\u00e3o<\/p>\n<p>&nbsp;<\/td>\n<td style=\"width: 16.6667%;height: 24px;text-align: center\">30h<\/td>\n<td style=\"width: 16.6667%;height: 24px;text-align: center\">\u00a02<\/td>\n<td style=\"width: 16.6667%;height: 24px;text-align: center\">Obrigat\u00f3ria<\/td>\n<td style=\"width: 16.6667%;height: 24px;text-align: center\">Presencial\/EaD<\/td>\n<\/tr>\n<tr style=\"height: 22px\">\n<td style=\"width: 16.6667%;height: 22px;text-align: center\">&nbsp;<\/p>\n<p>Ensino de Fun\u00e7\u00f5es<\/p>\n<p>&nbsp;<\/td>\n<td style=\"width: 16.6667%;height: 22px;text-align: center\">30h<\/td>\n<td style=\"width: 16.6667%;height: 22px;text-align: center\">\u00a02<\/td>\n<td style=\"width: 16.6667%;height: 22px;text-align: center\">Obrigat\u00f3ria<\/td>\n<td style=\"width: 16.6667%;height: 22px;text-align: center\">Presencial\/EaD<\/td>\n<\/tr>\n<tr style=\"height: 24px\">\n<td style=\"width: 16.6667%;height: 24px;text-align: center\">&nbsp;<\/p>\n<p>Optativa I<\/p>\n<p>&nbsp;<\/td>\n<td style=\"width: 16.6667%;height: 24px;text-align: center\">30h<\/td>\n<td style=\"width: 16.6667%;height: 24px;text-align: center\">\u00a02<\/td>\n<td style=\"width: 16.6667%;height: 24px;text-align: center\">Obrigat\u00f3ria<\/td>\n<td style=\"width: 16.6667%;height: 24px;text-align: center\">Presencial\/EaD<\/td>\n<\/tr>\n<tr style=\"height: 24px\">\n<td style=\"width: 16.6667%;height: 24px;text-align: center\">&nbsp;<\/p>\n<p>Atividade Orientada I<\/p>\n<p>&nbsp;<\/td>\n<td style=\"width: 16.6667%;height: 24px;text-align: center\">30h<\/td>\n<td style=\"width: 16.6667%;height: 24px;text-align: center\">\u00a02<\/td>\n<td style=\"width: 16.6667%;height: 24px;text-align: center\">Obrigat\u00f3ria<\/td>\n<td style=\"width: 16.6667%;height: 24px;text-align: center\">Presencial\/EAD<\/td>\n<\/tr>\n<\/tbody>\n<\/table>\n<hr \/>\n<p style=\"text-align: center\"><strong>Segundo Semestre<\/strong><\/p>\n<table style=\"height: 972px;width: 98.9139%;border-collapse: collapse;border-style: double\">\n<tbody>\n<tr>\n<td style=\"width: 20%;text-align: center\"><strong>Disciplina<\/strong><\/td>\n<td style=\"width: 20%;text-align: center\"><strong>Carga Hor\u00e1ria<\/strong><\/td>\n<td style=\"width: 20%;text-align: center\"><strong>Cr\u00e9ditos<\/strong><\/td>\n<td style=\"width: 20%;text-align: center\"><strong>Obrigat\u00f3ria\/Optativa<\/strong><\/td>\n<td style=\"width: 20%;text-align: center\"><strong>Presencial\/Dist\u00e2ncia<\/strong><\/td>\n<\/tr>\n<tr style=\"height: 24px\">\n<td style=\"width: 20%;height: 24px;text-align: center\">&nbsp;<\/p>\n<p>Educa\u00e7\u00e3o e Matem\u00e1tica Financeira<\/p>\n<p>&nbsp;<\/td>\n<td style=\"width: 20%;height: 24px;text-align: center\">30h<\/td>\n<td style=\"width: 20%;height: 24px;text-align: center\">2<\/td>\n<td style=\"width: 20%;height: 24px;text-align: center\">Obrigat\u00f3ria<\/td>\n<td style=\"width: 20%;height: 24px;text-align: center\">Presencial\/EaD<\/td>\n<\/tr>\n<tr style=\"height: 48px\">\n<td style=\"width: 20%;height: 48px;text-align: center\">&nbsp;<\/p>\n<p>Probabilidade e Estat\u00edstica: conceitos<br \/>\ne aplica\u00e7\u00f5es na Educa\u00e7\u00e3o B\u00e1sica<\/p>\n<p>&nbsp;<\/td>\n<td style=\"width: 20%;height: 48px;text-align: center\">30h<\/td>\n<td style=\"width: 20%;height: 48px;text-align: center\">2<\/td>\n<td style=\"width: 20%;height: 48px;text-align: center\">Obrigat\u00f3ria<\/td>\n<td style=\"width: 20%;height: 48px;text-align: center\">Presencial\/EaD<\/td>\n<\/tr>\n<tr style=\"height: 24px\">\n<td style=\"width: 20%;height: 24px;text-align: center\">&nbsp;<\/p>\n<p>Experi\u00eancias de Ensino de Matem\u00e1tica<\/p>\n<p>&nbsp;<\/td>\n<td style=\"width: 20%;height: 24px;text-align: center\">30h<\/td>\n<td style=\"width: 20%;height: 24px;text-align: center\">2<\/td>\n<td style=\"width: 20%;height: 24px;text-align: center\">Obrigat\u00f3ria<\/td>\n<td style=\"width: 20%;height: 24px;text-align: center\">Presencial\/EaD<\/td>\n<\/tr>\n<tr style=\"height: 24px\">\n<td style=\"width: 20%;height: 24px;text-align: center\">&nbsp;<\/p>\n<p>Optativa II<\/p>\n<p>&nbsp;<\/td>\n<td style=\"width: 20%;height: 24px;text-align: center\">30h<\/td>\n<td style=\"width: 20%;height: 24px;text-align: center\">2<\/td>\n<td style=\"width: 20%;height: 24px;text-align: center\">Obrigat\u00f3ria<\/td>\n<td style=\"width: 20%;height: 24px;text-align: center\">Presencial\/EaD<\/td>\n<\/tr>\n<tr style=\"height: 24px\">\n<td style=\"width: 20%;height: 24px;text-align: center\">&nbsp;<\/p>\n<p>Atividade Orientada II<\/p>\n<p>&nbsp;<\/td>\n<td style=\"width: 20%;height: 24px;text-align: center\">30h<\/td>\n<td style=\"width: 20%;height: 24px;text-align: center\">2<\/td>\n<td style=\"width: 20%;height: 24px;text-align: center\">Obrigat\u00f3ria<\/td>\n<td style=\"width: 20%;height: 24px;text-align: center\">Presencial\/EaD<\/td>\n<\/tr>\n<tr style=\"height: 24px\">\n<td style=\"width: 20%;height: 24px;text-align: center\">&nbsp;<\/p>\n<p>Metodologia de<br \/>\nPesquisa Cient\u00edfica<\/p>\n<p>&nbsp;<\/td>\n<td style=\"width: 20%;height: 24px;text-align: center\">30h<\/td>\n<td style=\"width: 20%;height: 24px;text-align: center\">2<\/td>\n<td style=\"width: 20%;height: 24px;text-align: center\">Obrigat\u00f3ria<\/td>\n<td style=\"width: 20%;height: 24px;text-align: center\">EaD<\/td>\n<\/tr>\n<\/tbody>\n<\/table>\n<hr \/>\n<p style=\"text-align: center\"><strong>Optativas<\/strong><\/p>\n<table style=\"height: 768px;width: 98.6966%;border-collapse: collapse;border-style: double\">\n<tbody>\n<tr style=\"height: 24px\">\n<td style=\"width: 25%;height: 24px;text-align: center\"><strong>Disciplina<\/strong><\/td>\n<td style=\"width: 25%;height: 24px;text-align: center\"><strong>Carga Hor\u00e1ria<\/strong><\/td>\n<td style=\"width: 25%;height: 24px;text-align: center\"><strong>Cr\u00e9ditos<\/strong><\/td>\n<td style=\"width: 25%;height: 24px;text-align: center\"><strong>Modo<\/strong><\/td>\n<\/tr>\n<tr style=\"height: 120px\">\n<td style=\"width: 25%;height: 120px;text-align: center\">&nbsp;<\/p>\n<p>Ensino de Vari\u00e1veis Complexas para o Ensino B\u00e1sico<\/p>\n<p>&nbsp;<\/td>\n<td style=\"width: 25%;height: 120px;text-align: center\">30h<\/td>\n<td style=\"width: 25%;height: 120px;text-align: center\">2<\/td>\n<td style=\"width: 25%;height: 120px;text-align: center\">Presencial\/EaD<\/td>\n<\/tr>\n<tr style=\"height: 96px\">\n<td style=\"width: 25%;height: 96px;text-align: center\">&nbsp;<\/p>\n<p>Sistemas de Numera\u00e7\u00e3o<\/p>\n<p>&nbsp;<\/td>\n<td style=\"width: 25%;height: 96px;text-align: center\">30h<\/td>\n<td style=\"width: 25%;height: 96px;text-align: center\">2<\/td>\n<td style=\"width: 25%;height: 96px;text-align: center\">Presencial\/EaD<\/td>\n<\/tr>\n<tr style=\"height: 96px\">\n<td style=\"width: 25%;height: 96px;text-align: center\">&nbsp;<\/p>\n<p>Modelagem Matem\u00e1tica na Educa\u00e7\u00e3o B\u00e1sica<\/p>\n<p>&nbsp;<\/td>\n<td style=\"width: 25%;height: 96px;text-align: center\">30h<\/td>\n<td style=\"width: 25%;height: 96px;text-align: center\">2<\/td>\n<td style=\"width: 25%;height: 96px;text-align: center\">Presencial\/EaD<\/td>\n<\/tr>\n<tr style=\"height: 24px\">\n<td style=\"width: 25%;height: 24px;text-align: center\">&nbsp;<\/p>\n<p>Trigonometria<\/p>\n<p>&nbsp;<\/td>\n<td style=\"width: 25%;height: 24px;text-align: center\">30h<\/td>\n<td style=\"width: 25%;height: 24px;text-align: center\">2<\/td>\n<td style=\"width: 25%;height: 24px;text-align: center\">Presencial\/EaD<\/td>\n<\/tr>\n<tr style=\"height: 24px\">\n<td style=\"width: 25%;height: 24px;text-align: center\">&nbsp;<\/p>\n<p>Contagem<\/p>\n<p>&nbsp;<\/td>\n<td style=\"width: 25%;height: 24px;text-align: center\">30h<\/td>\n<td style=\"width: 25%;height: 24px;text-align: center\">2<\/td>\n<td style=\"width: 25%;height: 24px;text-align: center\">Presencial\/EaD<\/td>\n<\/tr>\n<\/tbody>\n<\/table>\n","protected":false},"excerpt":{"rendered":"<p>Primeiro Semestre &nbsp; Disciplina Carga Hor\u00e1ria Cr\u00e9ditos Obrigat\u00f3ria\/Optativa Presencial\/Dist\u00e2ncia &nbsp; Introdu\u00e7\u00e3o \u00e0 L\u00f3gica Matem\u00e1tica &nbsp; 30h \u00a02 Obrigat\u00f3ria Presencial\/EaD &nbsp; N\u00fameros Reais na Educa\u00e7\u00e3o B\u00e1sica &nbsp; 30h \u00a02 Obrigat\u00f3ria Presencial\/EaD &nbsp; Geometrias: conceitos e aplica\u00e7\u00f5es na Educa\u00e7\u00e3o &nbsp; 30h \u00a02 Obrigat\u00f3ria Presencial\/EaD &nbsp; Ensino de Fun\u00e7\u00f5es &nbsp; 30h \u00a02 Obrigat\u00f3ria Presencial\/EaD &nbsp; Optativa I &nbsp; [&hellip;]<\/p>\n","protected":false},"author":44948,"featured_media":0,"parent":0,"menu_order":2,"comment_status":"closed","ping_status":"closed","template":"","meta":{"footnotes":""},"coauthors":[7],"class_list":["post-26","page","type-page","status-publish","hentry"],"_links":{"self":[{"href":"https:\/\/espmat-cpan.ufms.br\/en\/wp-json\/wp\/v2\/pages\/26","targetHints":{"allow":["GET"]}}],"collection":[{"href":"https:\/\/espmat-cpan.ufms.br\/en\/wp-json\/wp\/v2\/pages"}],"about":[{"href":"https:\/\/espmat-cpan.ufms.br\/en\/wp-json\/wp\/v2\/types\/page"}],"author":[{"embeddable":true,"href":"https:\/\/espmat-cpan.ufms.br\/en\/wp-json\/wp\/v2\/users\/44948"}],"replies":[{"embeddable":true,"href":"https:\/\/espmat-cpan.ufms.br\/en\/wp-json\/wp\/v2\/comments?post=26"}],"version-history":[{"count":20,"href":"https:\/\/espmat-cpan.ufms.br\/en\/wp-json\/wp\/v2\/pages\/26\/revisions"}],"predecessor-version":[{"id":125,"href":"https:\/\/espmat-cpan.ufms.br\/en\/wp-json\/wp\/v2\/pages\/26\/revisions\/125"}],"wp:attachment":[{"href":"https:\/\/espmat-cpan.ufms.br\/en\/wp-json\/wp\/v2\/media?parent=26"}],"wp:term":[{"taxonomy":"author","embeddable":true,"href":"https:\/\/espmat-cpan.ufms.br\/en\/wp-json\/wp\/v2\/coauthors?post=26"}],"curies":[{"name":"wp","href":"https:\/\/api.w.org\/{rel}","templated":true}]}}