{"id":5,"date":"2025-08-21T18:14:45","date_gmt":"2025-08-21T21:14:45","guid":{"rendered":"https:\/\/espmat-cpan.ufms.br\/?page_id=5"},"modified":"2025-11-19T08:15:39","modified_gmt":"2025-11-19T12:15:39","slug":"pagina-inicial","status":"publish","type":"page","link":"https:\/\/espmat-cpan.ufms.br\/en\/","title":{"rendered":"P\u00e1gina Inicial"},"content":{"rendered":"<p><img fetchpriority=\"high\" decoding=\"async\" class=\"wp-image-110 aligncenter\" src=\"https:\/\/espmat-cpan.ufms.br\/files\/2025\/09\/Publicar_Moca-1-240x300.png\" alt=\"\" width=\"489\" height=\"612\" srcset=\"https:\/\/espmat-cpan.ufms.br\/files\/2025\/09\/Publicar_Moca-1-240x300.png 240w, https:\/\/espmat-cpan.ufms.br\/files\/2025\/09\/Publicar_Moca-1-819x1024.png 819w, https:\/\/espmat-cpan.ufms.br\/files\/2025\/09\/Publicar_Moca-1-768x960.png 768w, https:\/\/espmat-cpan.ufms.br\/files\/2025\/09\/Publicar_Moca-1-256x320.png 256w, https:\/\/espmat-cpan.ufms.br\/files\/2025\/09\/Publicar_Moca-1.png 1080w\" sizes=\"(max-width: 489px) 100vw, 489px\" \/><\/p>\n<p>&nbsp;<\/p>\n<p><strong>Acesse os editais:\u00a0<\/strong><\/p>\n<p><a href=\"https:\/\/boletimoficial.ufms.br\/bse\/publicacao?id=571429\">https:\/\/boletimoficial.ufms.br\/bse\/publicacao?id=571429<\/a><\/p>\n<p><a href=\"https:\/\/boletimoficial.ufms.br\/bse\/publicacao?id=571138\">https:\/\/boletimoficial.ufms.br\/bse\/publicacao?id=571138<\/a><\/p>\n<p><a href=\"https:\/\/boletimoficial.ufms.br\/bse\/publicacao?id=575445\">https:\/\/boletimoficial.ufms.br\/bse\/publicacao?id=575445<\/a><\/p>\n<p><a href=\"https:\/\/boletimoficial.ufms.br\/bse\/publicacao?id=576411\">https:\/\/boletimoficial.ufms.br\/bse\/publicacao?id=576411<\/a><\/p>\n<p><a href=\"https:\/\/boletimoficial.ufms.br\/bse\/publicacao?id=577743\">https:\/\/boletimoficial.ufms.br\/bse\/publicacao?id=577743<\/a><\/p>\n<p><a href=\"https:\/\/boletimoficial.ufms.br\/bse\/publicacao?id=579106\">https:\/\/boletimoficial.ufms.br\/bse\/publicacao?id=579106<\/a><\/p>\n<a href=\"https:\/\/espmat-cpan.ufms.br\/files\/2025\/11\/SEI_6046989_Edital-1.pdf\" class=\"pdfemb-viewer\" style=\"\" data-width=\"max\" data-height=\"max\" data-toolbar=\"bottom\" data-toolbar-fixed=\"off\">SEI_6046989_Edital (1)<\/a>\n<a href=\"https:\/\/espmat-cpan.ufms.br\/files\/2025\/11\/Edital-638.pdf\" class=\"pdfemb-viewer\" style=\"\" data-width=\"max\" data-height=\"max\" data-toolbar=\"bottom\" data-toolbar-fixed=\"off\">Edital 638<\/a>\n<a href=\"https:\/\/espmat-cpan.ufms.br\/files\/2025\/11\/Edital-03-cec-mat.pdf\" class=\"pdfemb-viewer\" style=\"\" data-width=\"max\" data-height=\"max\" data-toolbar=\"bottom\" data-toolbar-fixed=\"off\">Edital 03 cec-mat<\/a>\n<p>&nbsp;<\/p>\n<a href=\"https:\/\/espmat-cpan.ufms.br\/files\/2025\/10\/Edital-02-1.pdf\" class=\"pdfemb-viewer\" style=\"\" data-width=\"max\" data-height=\"max\" data-toolbar=\"bottom\" data-toolbar-fixed=\"off\">Edital 02- Convoca\u00e7\u00e3o para Assinatura do Contrato e Matr\u00edcula<\/a>\n<p>&nbsp;<\/p>\n<p>&nbsp;<\/p>\n<p>&nbsp;<\/p>\n<p>&nbsp;<\/p>\n","protected":false},"excerpt":{"rendered":"<p>&nbsp; Acesse os editais:\u00a0 https:\/\/boletimoficial.ufms.br\/bse\/publicacao?id=571429 https:\/\/boletimoficial.ufms.br\/bse\/publicacao?id=571138 https:\/\/boletimoficial.ufms.br\/bse\/publicacao?id=575445 https:\/\/boletimoficial.ufms.br\/bse\/publicacao?id=576411 https:\/\/boletimoficial.ufms.br\/bse\/publicacao?id=577743 https:\/\/boletimoficial.ufms.br\/bse\/publicacao?id=579106 &nbsp; &nbsp; &nbsp; &nbsp; &nbsp;<\/p>\n","protected":false},"author":38499,"featured_media":0,"parent":0,"menu_order":0,"comment_status":"closed","ping_status":"closed","template":"page-templates\/page-home.php","meta":{"footnotes":""},"coauthors":[4],"class_list":["post-5","page","type-page","status-publish","hentry"],"_links":{"self":[{"href":"https:\/\/espmat-cpan.ufms.br\/en\/wp-json\/wp\/v2\/pages\/5","targetHints":{"allow":["GET"]}}],"collection":[{"href":"https:\/\/espmat-cpan.ufms.br\/en\/wp-json\/wp\/v2\/pages"}],"about":[{"href":"https:\/\/espmat-cpan.ufms.br\/en\/wp-json\/wp\/v2\/types\/page"}],"author":[{"embeddable":true,"href":"https:\/\/espmat-cpan.ufms.br\/en\/wp-json\/wp\/v2\/users\/38499"}],"replies":[{"embeddable":true,"href":"https:\/\/espmat-cpan.ufms.br\/en\/wp-json\/wp\/v2\/comments?post=5"}],"version-history":[{"count":29,"href":"https:\/\/espmat-cpan.ufms.br\/en\/wp-json\/wp\/v2\/pages\/5\/revisions"}],"predecessor-version":[{"id":208,"href":"https:\/\/espmat-cpan.ufms.br\/en\/wp-json\/wp\/v2\/pages\/5\/revisions\/208"}],"wp:attachment":[{"href":"https:\/\/espmat-cpan.ufms.br\/en\/wp-json\/wp\/v2\/media?parent=5"}],"wp:term":[{"taxonomy":"author","embeddable":true,"href":"https:\/\/espmat-cpan.ufms.br\/en\/wp-json\/wp\/v2\/coauthors?post=5"}],"curies":[{"name":"wp","href":"https:\/\/api.w.org\/{rel}","templated":true}]}}