{"id":52,"date":"2025-08-29T11:39:07","date_gmt":"2025-08-29T15:39:07","guid":{"rendered":"https:\/\/espmat-cpan.ufms.br\/?page_id=52"},"modified":"2025-10-14T09:00:34","modified_gmt":"2025-10-14T13:00:34","slug":"contatos","status":"publish","type":"page","link":"https:\/\/espmat-cpan.ufms.br\/en\/pagina-inicial\/contatos\/","title":{"rendered":"Contatos"},"content":{"rendered":"<p><img fetchpriority=\"high\" decoding=\"async\" class=\"alignnone wp-image-94\" src=\"https:\/\/espmat-cpan.ufms.br\/files\/2025\/09\/IMG_2214-300x55.png\" alt=\"\" width=\"1304\" height=\"239\" srcset=\"https:\/\/espmat-cpan.ufms.br\/files\/2025\/09\/IMG_2214-300x55.png 300w, https:\/\/espmat-cpan.ufms.br\/files\/2025\/09\/IMG_2214-1024x188.png 1024w, https:\/\/espmat-cpan.ufms.br\/files\/2025\/09\/IMG_2214-768x141.png 768w, https:\/\/espmat-cpan.ufms.br\/files\/2025\/09\/IMG_2214-1536x283.png 1536w, https:\/\/espmat-cpan.ufms.br\/files\/2025\/09\/IMG_2214-2048x377.png 2048w, https:\/\/espmat-cpan.ufms.br\/files\/2025\/09\/IMG_2214-730x134.png 730w\" sizes=\"(max-width: 1304px) 100vw, 1304px\" \/><\/p>\n<p><strong>Secret\u00e1ria de p\u00f3s-gradua\u00e7\u00e3o: <\/strong><\/p>\n<p>D\u00e9bora Bernardes dos Santos<\/p>\n<p>Telefone: 3234-6899\/ Ramal: 6899<\/p>\n<p>E-mail: espmat.cpan@ufms.br<\/p>\n<p>&nbsp;<\/p>\n<p><strong>Comiss\u00e3o Especial de Curso<\/strong><\/p>\n<p>Prof. Dr. Osmar do Nascimento Souza (Presidente)<\/p>\n<p>Profa. Dra. Karla Jocelya Nonato (Vice-Presidente)<\/p>\n<p>Prof. Dr. Frederick Lawton Azevedo<\/p>\n<p>Prof. Me. Renato C\u00e2mara Vict\u00f3rio Almeida J\u00fanior<\/p>\n","protected":false},"excerpt":{"rendered":"<p>Secret\u00e1ria de p\u00f3s-gradua\u00e7\u00e3o: D\u00e9bora Bernardes dos Santos Telefone: 3234-6899\/ Ramal: 6899 E-mail: espmat.cpan@ufms.br &nbsp; Comiss\u00e3o Especial de Curso Prof. Dr. Osmar do Nascimento Souza (Presidente) Profa. Dra. Karla Jocelya Nonato (Vice-Presidente) Prof. Dr. Frederick Lawton Azevedo Prof. Me. Renato C\u00e2mara Vict\u00f3rio Almeida J\u00fanior<\/p>\n","protected":false},"author":2124,"featured_media":0,"parent":5,"menu_order":0,"comment_status":"closed","ping_status":"closed","template":"","meta":{"footnotes":""},"coauthors":[8],"class_list":["post-52","page","type-page","status-publish","hentry"],"_links":{"self":[{"href":"https:\/\/espmat-cpan.ufms.br\/en\/wp-json\/wp\/v2\/pages\/52","targetHints":{"allow":["GET"]}}],"collection":[{"href":"https:\/\/espmat-cpan.ufms.br\/en\/wp-json\/wp\/v2\/pages"}],"about":[{"href":"https:\/\/espmat-cpan.ufms.br\/en\/wp-json\/wp\/v2\/types\/page"}],"author":[{"embeddable":true,"href":"https:\/\/espmat-cpan.ufms.br\/en\/wp-json\/wp\/v2\/users\/2124"}],"replies":[{"embeddable":true,"href":"https:\/\/espmat-cpan.ufms.br\/en\/wp-json\/wp\/v2\/comments?post=52"}],"version-history":[{"count":10,"href":"https:\/\/espmat-cpan.ufms.br\/en\/wp-json\/wp\/v2\/pages\/52\/revisions"}],"predecessor-version":[{"id":179,"href":"https:\/\/espmat-cpan.ufms.br\/en\/wp-json\/wp\/v2\/pages\/52\/revisions\/179"}],"up":[{"embeddable":true,"href":"https:\/\/espmat-cpan.ufms.br\/en\/wp-json\/wp\/v2\/pages\/5"}],"wp:attachment":[{"href":"https:\/\/espmat-cpan.ufms.br\/en\/wp-json\/wp\/v2\/media?parent=52"}],"wp:term":[{"taxonomy":"author","embeddable":true,"href":"https:\/\/espmat-cpan.ufms.br\/en\/wp-json\/wp\/v2\/coauthors?post=52"}],"curies":[{"name":"wp","href":"https:\/\/api.w.org\/{rel}","templated":true}]}}