{"id":65,"date":"2025-08-29T15:20:28","date_gmt":"2025-08-29T19:20:28","guid":{"rendered":"https:\/\/espmat-cpan.ufms.br\/?page_id=65"},"modified":"2025-09-02T21:02:57","modified_gmt":"2025-09-03T01:02:57","slug":"apresentacao-2","status":"publish","type":"page","link":"https:\/\/espmat-cpan.ufms.br\/en\/pagina-inicial\/apresentacao-2\/","title":{"rendered":"Apresenta\u00e7\u00e3o"},"content":{"rendered":"<p style=\"text-align: left\"><img fetchpriority=\"high\" decoding=\"async\" class=\"alignnone wp-image-94\" src=\"https:\/\/espmat-cpan.ufms.br\/files\/2025\/09\/IMG_2214-300x55.png\" alt=\"\" width=\"1353\" height=\"248\" srcset=\"https:\/\/espmat-cpan.ufms.br\/files\/2025\/09\/IMG_2214-300x55.png 300w, https:\/\/espmat-cpan.ufms.br\/files\/2025\/09\/IMG_2214-1024x188.png 1024w, https:\/\/espmat-cpan.ufms.br\/files\/2025\/09\/IMG_2214-768x141.png 768w, https:\/\/espmat-cpan.ufms.br\/files\/2025\/09\/IMG_2214-1536x283.png 1536w, https:\/\/espmat-cpan.ufms.br\/files\/2025\/09\/IMG_2214-2048x377.png 2048w, https:\/\/espmat-cpan.ufms.br\/files\/2025\/09\/IMG_2214-730x134.png 730w\" sizes=\"(max-width: 1353px) 100vw, 1353px\" \/><\/p>\n<p style=\"text-align: left\">Corumb\u00e1 \u00e9 uma cidade com muitas peculiaridades, entre elas est\u00e1 o fato de se localizar somente 10 km da cidade boliviana mais pr\u00f3xima e mais de 200 km da cidade brasileira mais pr\u00f3xima. Este distanciamento geogr\u00e1fico faz com que a regi\u00e3o seja carente na oferta de cursos de gradua\u00e7\u00e3o e p\u00f3s-gradua\u00e7\u00e3o.<\/p>\n<p style=\"text-align: left\">\nConsiderando este contexto e as miss\u00f5es da UFMS, o CPAN oferta, pela primeira vez, ESPECIALIZA\u00c7\u00c3O EM MATEM\u00c1TICA PARA EDUCA\u00c7\u00c3O B\u00c1SICA, que visa promover a forma\u00e7\u00e3o continuada de graduados que ensinam Matem\u00e1tica (Licenciatura ou Bacharelado) na microrregi\u00e3o formada pelos munic\u00edpios de Corumb\u00e1, Lad\u00e1rio e os munic\u00edpios bolivianos de Puerto Quijaro e Puerto Suarez.<\/p>\n<p style=\"text-align: left\">\nO curso anseia contribuir com a forma\u00e7\u00e3o continuada de profissionais que ensinam Matem\u00e1tica na regi\u00e3o pantaneira, com intuito de atender uma demanda da regi\u00e3o, al\u00e9m de fomentar e fortalecer o reconhecimento da Universidade Federal de Mato Grosso do Sul, Campus do Pantanal, como polo de constru\u00e7\u00e3o de conhecimentos cient\u00edfico, desenvolvimento social e profissional. Assim, esta p\u00f3s-gradua\u00e7\u00e3o, espera contribuir na forma\u00e7\u00e3o de profissionais que poder\u00e3o atuar em institui\u00e7\u00f5es de ensino p\u00fablico ou privado, nos ensinos fundamental, m\u00e9dio e superior e, inclusive, que possam vir a atuar na pr\u00f3pria UFMS.<\/p>\n<p style=\"text-align: left\">\nO curso de ESPECIALIZA\u00c7\u00c3O EM MATEM\u00c1TICA PARA EDUCA\u00c7\u00c3O B\u00c1SICA tamb\u00e9m busca impulsionar um processo de continuidade de estudos, produ\u00e7\u00e3o, constru\u00e7\u00e3o e difus\u00e3o de conhecimentos e aprendizagens, a partir da miss\u00e3o de oferecer um ensino p\u00fablico e de qualidade.<\/p>\n","protected":false},"excerpt":{"rendered":"<p>Corumb\u00e1 \u00e9 uma cidade com muitas peculiaridades, entre elas est\u00e1 o fato de se localizar somente 10 km da cidade boliviana mais pr\u00f3xima e mais de 200 km da cidade brasileira mais pr\u00f3xima. Este distanciamento geogr\u00e1fico faz com que a regi\u00e3o seja carente na oferta de cursos de gradua\u00e7\u00e3o e p\u00f3s-gradua\u00e7\u00e3o. Considerando este contexto e [&hellip;]<\/p>\n","protected":false},"author":44948,"featured_media":0,"parent":5,"menu_order":0,"comment_status":"closed","ping_status":"closed","template":"","meta":{"footnotes":""},"coauthors":[7],"class_list":["post-65","page","type-page","status-publish","hentry"],"_links":{"self":[{"href":"https:\/\/espmat-cpan.ufms.br\/en\/wp-json\/wp\/v2\/pages\/65","targetHints":{"allow":["GET"]}}],"collection":[{"href":"https:\/\/espmat-cpan.ufms.br\/en\/wp-json\/wp\/v2\/pages"}],"about":[{"href":"https:\/\/espmat-cpan.ufms.br\/en\/wp-json\/wp\/v2\/types\/page"}],"author":[{"embeddable":true,"href":"https:\/\/espmat-cpan.ufms.br\/en\/wp-json\/wp\/v2\/users\/44948"}],"replies":[{"embeddable":true,"href":"https:\/\/espmat-cpan.ufms.br\/en\/wp-json\/wp\/v2\/comments?post=65"}],"version-history":[{"count":7,"href":"https:\/\/espmat-cpan.ufms.br\/en\/wp-json\/wp\/v2\/pages\/65\/revisions"}],"predecessor-version":[{"id":141,"href":"https:\/\/espmat-cpan.ufms.br\/en\/wp-json\/wp\/v2\/pages\/65\/revisions\/141"}],"up":[{"embeddable":true,"href":"https:\/\/espmat-cpan.ufms.br\/en\/wp-json\/wp\/v2\/pages\/5"}],"wp:attachment":[{"href":"https:\/\/espmat-cpan.ufms.br\/en\/wp-json\/wp\/v2\/media?parent=65"}],"wp:term":[{"taxonomy":"author","embeddable":true,"href":"https:\/\/espmat-cpan.ufms.br\/en\/wp-json\/wp\/v2\/coauthors?post=65"}],"curies":[{"name":"wp","href":"https:\/\/api.w.org\/{rel}","templated":true}]}}