{"id":7,"date":"2025-08-21T18:15:03","date_gmt":"2025-08-21T21:15:03","guid":{"rendered":"https:\/\/espmat-cpan.ufms.br\/?page_id=7"},"modified":"2025-10-22T08:51:21","modified_gmt":"2025-10-22T12:51:21","slug":"noticias","status":"publish","type":"page","link":"https:\/\/espmat-cpan.ufms.br\/en\/noticias\/","title":{"rendered":"Not\u00edcias"},"content":{"rendered":"<a href=\"https:\/\/espmat-cpan.ufms.br\/files\/2025\/10\/Edital-02.pdf\" class=\"pdfemb-viewer\" style=\"\" data-width=\"max\" data-height=\"max\" data-toolbar=\"bottom\" data-toolbar-fixed=\"off\">Edital 02- Convoca\u00e7\u00e3o para Assinatura do Contrato e Matr\u00edcula<\/a>\n","protected":false},"excerpt":{"rendered":"","protected":false},"author":38499,"featured_media":0,"parent":0,"menu_order":0,"comment_status":"closed","ping_status":"closed","template":"page-templates\/page-noticias.php","meta":{"footnotes":""},"coauthors":[4],"class_list":["post-7","page","type-page","status-publish","hentry"],"_links":{"self":[{"href":"https:\/\/espmat-cpan.ufms.br\/en\/wp-json\/wp\/v2\/pages\/7","targetHints":{"allow":["GET"]}}],"collection":[{"href":"https:\/\/espmat-cpan.ufms.br\/en\/wp-json\/wp\/v2\/pages"}],"about":[{"href":"https:\/\/espmat-cpan.ufms.br\/en\/wp-json\/wp\/v2\/types\/page"}],"author":[{"embeddable":true,"href":"https:\/\/espmat-cpan.ufms.br\/en\/wp-json\/wp\/v2\/users\/38499"}],"replies":[{"embeddable":true,"href":"https:\/\/espmat-cpan.ufms.br\/en\/wp-json\/wp\/v2\/comments?post=7"}],"version-history":[{"count":3,"href":"https:\/\/espmat-cpan.ufms.br\/en\/wp-json\/wp\/v2\/pages\/7\/revisions"}],"predecessor-version":[{"id":184,"href":"https:\/\/espmat-cpan.ufms.br\/en\/wp-json\/wp\/v2\/pages\/7\/revisions\/184"}],"wp:attachment":[{"href":"https:\/\/espmat-cpan.ufms.br\/en\/wp-json\/wp\/v2\/media?parent=7"}],"wp:term":[{"taxonomy":"author","embeddable":true,"href":"https:\/\/espmat-cpan.ufms.br\/en\/wp-json\/wp\/v2\/coauthors?post=7"}],"curies":[{"name":"wp","href":"https:\/\/api.w.org\/{rel}","templated":true}]}}